{"id":966,"date":"2021-05-04T08:57:36","date_gmt":"2021-05-04T11:57:36","guid":{"rendered":"https:\/\/igreja.digital\/suporte\/?page_id=966"},"modified":"2022-04-08T14:21:50","modified_gmt":"2022-04-08T17:21:50","slug":"videos","status":"publish","type":"page","link":"https:\/\/igreja.digital\/suporte\/videos\/","title":{"rendered":"V\u00eddeos"},"content":{"rendered":"\n<p>Tenha a melhor experi\u00eancia na <strong>Igreja Digital<\/strong> com nossos v\u00eddeos-tutoriais!<\/p>\n\n\n\n<hr class=\"wp-block-separator\"\/>\n\n\n\n<p><a href=\"https:\/\/igreja.digital\/suporte\/geral\/apresentacao\/\"><i class=\"fa fa-chevron-right\"><\/i> Apresenta\u00e7\u00e3o<\/a><\/p>\n\n\n\n<p><a href=\"https:\/\/igreja.digital\/suporte\/secretaria\/secretaria-painel-informativo\/\"><i class=\"fa fa-chevron-right\"><\/i> Painel Informativo<\/a><\/p>\n\n\n\n<p><a href=\"https:\/\/igreja.digital\/suporte\/secretaria\/secretaria-visao-geral\/\"><i class=\"fa fa-chevron-right\"><\/i> Secretaria: Vis\u00e3o Geral<\/a><\/p>\n\n\n\n<p><a href=\"https:\/\/igreja.digital\/suporte\/financeiro\/financeiro-visao-geral\/\"><i class=\"fa fa-chevron-right\"><\/i> Financeiro: Vis\u00e3o Geral<\/a><\/p>\n\n\n\n<p><a href=\"https:\/\/igreja.digital\/suporte\/financeiro\/financeiro-receitas\/\"><i class=\"fa fa-chevron-right\"><\/i> Financeiro: Receitas<\/a><\/p>\n\n\n\n<p><a href=\"https:\/\/igreja.digital\/suporte\/financeiro\/financeiro-despesas\/\"><i class=\"fa fa-chevron-right\"><\/i> Financeiro: Despesas<\/a><\/p>\n\n\n\n<p><\/p>\n","protected":false},"excerpt":{"rendered":"<p>Tenha a melhor experi\u00eancia na Igreja Digital com nossos v\u00eddeos-tutoriais! Apresenta\u00e7\u00e3o Painel Informativo Secretaria: Vis\u00e3o Geral Financeiro: Vis\u00e3o Geral Financeiro: Receitas Financeiro: Despesas<\/p>\n","protected":false},"author":1,"featured_media":0,"parent":0,"menu_order":0,"comment_status":"closed","ping_status":"closed","template":"","meta":{"footnotes":""},"class_list":["post-966","page","type-page","status-publish","hentry"],"_links":{"self":[{"href":"https:\/\/igreja.digital\/suporte\/wp-json\/wp\/v2\/pages\/966","targetHints":{"allow":["GET"]}}],"collection":[{"href":"https:\/\/igreja.digital\/suporte\/wp-json\/wp\/v2\/pages"}],"about":[{"href":"https:\/\/igreja.digital\/suporte\/wp-json\/wp\/v2\/types\/page"}],"author":[{"embeddable":true,"href":"https:\/\/igreja.digital\/suporte\/wp-json\/wp\/v2\/users\/1"}],"replies":[{"embeddable":true,"href":"https:\/\/igreja.digital\/suporte\/wp-json\/wp\/v2\/comments?post=966"}],"version-history":[{"count":3,"href":"https:\/\/igreja.digital\/suporte\/wp-json\/wp\/v2\/pages\/966\/revisions"}],"predecessor-version":[{"id":1089,"href":"https:\/\/igreja.digital\/suporte\/wp-json\/wp\/v2\/pages\/966\/revisions\/1089"}],"wp:attachment":[{"href":"https:\/\/igreja.digital\/suporte\/wp-json\/wp\/v2\/media?parent=966"}],"curies":[{"name":"wp","href":"https:\/\/api.w.org\/{rel}","templated":true}]}}